{"id":3238,"date":"2021-06-16T23:32:22","date_gmt":"2021-06-16T23:32:22","guid":{"rendered":"http:\/\/nuevaweb.kohl-lighting.com\/aviso-legal\/"},"modified":"2022-03-28T06:24:56","modified_gmt":"2022-03-28T06:24:56","slug":"legal-notice","status":"publish","type":"page","link":"https:\/\/kohl-lighting.com\/en\/legal-notice\/","title":{"rendered":"Legal Notice"},"content":{"rendered":"<p>[et_pb_section fb_built=&#8221;1&#8243; _builder_version=&#8221;4.15&#8243; _module_preset=&#8221;default&#8221; custom_margin=&#8221;10%||||false|false&#8221; global_colors_info=&#8221;{}&#8221;][et_pb_row _builder_version=&#8221;4.15&#8243; _module_preset=&#8221;default&#8221; global_colors_info=&#8221;{}&#8221;][et_pb_column type=&#8221;4_4&#8243; _builder_version=&#8221;4.15&#8243; _module_preset=&#8221;default&#8221; global_colors_info=&#8221;{}&#8221;][et_pb_text _builder_version=&#8221;4.15.1&#8243; _module_preset=&#8221;default&#8221; global_colors_info=&#8221;{}&#8221;]DATOS IDENTIFICATIVOS: En cumplimiento con el deber de informaci\u00f3n recogido en art\u00edculo 10 de la Ley 34\/2002, de 11 de julio, de Servicios de la Sociedad de la Informaci\u00f3n y de Comercio Electr\u00f3nico, a continuaci\u00f3n se reflejan los siguientes datos: La empresa titular es KOHL LIGHTING, S.L., con domicilio en Partida Madrigueres Sud,63A Naves 1-4 &#8211; 03700 D\u00e9nia (Alicante), con n\u00famero de C.I.F: B-54905252, inscrita en el Registro Mercantil de Alicante en el tomo 3912, folio 94, hoja A-148092, inscripci\u00f3n 1 (en adelante, KOHL LIGHTING).<\/p>\n<p>USUARIOS: El acceso y\/o uso de los portales de KOHL LIGHTING atribuye la condici\u00f3n de USUARIO, que acepta, desde dicho acceso y\/o uso, las Condiciones Generales de Uso aqu\u00ed reflejadas. Las citadas Condiciones ser\u00e1n de aplicaci\u00f3n independientemente de las Condiciones Generales de Contrataci\u00f3n que en su caso resulten de obligado cumplimiento.<\/p>\n<p>USO DEL PORTAL: el Site de KOHL LIGHTING proporciona el acceso a multitud de informaciones, servicios, programas o datos (en adelante, &#8220;los contenidos&#8221;) en Internet pertenecientes a KOHL LIGHTING o a sus licenciantes, a los que el USUARIO puede tener acceso. El USUARIO asume la responsabilidad del uso del Site. Dicha responsabilidad se extiende al registro que fuese necesario para acceder a determinados servicios o contenidos. En dicho registro el USUARIO ser\u00e1 responsable de aportar informaci\u00f3n veraz y l\u00edcita. Como consecuencia de este registro, al USUARIO se le puede proporcionar una contrase\u00f1a de la que ser\u00e1 responsable, comprometi\u00e9ndose a hacer un uso diligente y confidencial de la misma. El USUARIO se compromete a hacer un uso adecuado de los contenidos y servicios (como por ejemplo servicios de chat, foros de discusi\u00f3n o grupos de noticias) que KOHL LIGHTING ofrece a trav\u00e9s de su Site y con car\u00e1cter enunciativo pero no limitativo, a no emplearlos para incurrir en actividades il\u00edcitas, ilegales o contrarias a la buena fe y al orden p\u00fablico; difundir contenidos o propaganda de car\u00e1cter racista, xen\u00f3fobo, pornogr\u00e1fico-ilegal, de apolog\u00eda del terrorismo o atentatorio contra los derechos humanos;provocar da\u00f1os en los sistemas f\u00edsicos y l\u00f3gicos de KOHL LIGHTING, de sus proveedores o de terceras personas, introducir o difundir en la red virus inform\u00e1ticos o cualesquiera otros sistemas f\u00edsicos o l\u00f3gicos que sean susceptibles de provocar los da\u00f1os anteriormente mencionados; intentar acceder y, en su caso, utilizar las cuentas de correo electr\u00f3nico de otros usuarios y modificar o manipular sus mensajes. KOHL LIGHTING se reserva el derecho de retirar todos aquellos comentarios y aportaciones que vulneren el respeto a la dignidad de la persona, que sean discriminatorios, xen\u00f3fobos, racistas, pornogr\u00e1ficos, que atenten contra la juventud o la infancia, el orden o la seguridad p\u00fablica o que, a su juicio, no resultaran adecuados para su publicaci\u00f3n. En cualquier caso, KOHL LIGHTING no ser\u00e1 responsable de las opiniones vertidas por los usuarios a trav\u00e9s de los foros, chats, u otras herramientas de participaci\u00f3n.<\/p>\n<p>PROTECCI\u00d3N DE DATOS: BPM Lighting cumple con las directrices de la Ley Org\u00e1nica 15\/1999 de 13 de diciembre de Protecci\u00f3n de Datos de Car\u00e1cter Personal, el Real Decreto 1720\/2007 de 21 de diciembre por el que se aprueba el Reglamento de desarrollo de la Ley Org\u00e1nica y dem\u00e1s normativa vigente en cada momento, y vela por garantizar un correcto uso y tratamiento de los datos personales del usuario. Para ello, junto a cada formulario de recabo de datos de car\u00e1cter personal, en los servicios que el USUARIO pueda solicitar a BPM Lighting, har\u00e1 saber al USUARIO de la existencia y aceptaci\u00f3n de las condiciones particulares del tratamiento de sus datos en cada caso (implicando dicha aceptaci\u00f3n la autorizaci\u00f3n para la posible cesi\u00f3n de sus datos entre empresas del grupo al que pertenece la titular del Sitio web), inform\u00e1ndole de la responsabilidad del fichero creado, la direcci\u00f3n del responsable, la posibilidad de ejercer sus derechos de acceso, rectificaci\u00f3n, cancelaci\u00f3n u oposici\u00f3n, la finalidad del tratamiento y las comunicaciones de datos a terceros en su caso.<\/p>\n<p>PROPIEDAD INTELECTUAL E INDUSTRIAL: KOHL LIGHTING por s\u00ed o como cesionaria, es propietaria de todos los derechos de propiedad intelectual e industrial de sus p\u00e1ginas webs, as\u00ed como de los elementos contenidos en ellas (a t\u00edtulo enunciativo, im\u00e1genes, sonido, audio, v\u00eddeo, software o textos; marcas o logotipos, combinaciones de colores, estructura y dise\u00f1o, selecci\u00f3n de materiales usados, programas de ordenador necesarios para su funcionamiento, acceso y uso, etc.), titularidad de KOHL LIGHTING o bien de sus licenciantes. Todos los derechos reservados. En virtud de lo dispuesto en los art\u00edculos 8 y 32.1, p\u00e1rrafo segundo, de la Ley de Propiedad Intelectual, quedan expresamente prohibidas la reproducci\u00f3n, la distribuci\u00f3n y la comunicaci\u00f3n p\u00fablica, incluida su modalidad de puesta a disposici\u00f3n, de la totalidad o parte de los contenidos de esta p\u00e1gina web, con fines comerciales, en cualquier soporte y por cualquier medio t\u00e9cnico, sin la autorizaci\u00f3n de KOHL LIGHTING. El USUARIO se compromete a respetar los derechos de Propiedad Intelectual e Industrial titularidad de KOHL LIGHTING. Podr\u00e1 visualizar los elementos del Site e incluso imprimirlos, copiarlos y almacenarlos en el disco duro de su ordenador o en cualquier otro soporte f\u00edsico siempre y cuando sea, \u00fanica y exclusivamente, para su uso personal y privado. El USUARIO deber\u00e1 abstenerse de suprimir, alterar, eludir o manipular cualquier dispositivo de protecci\u00f3n o sistema de seguridad que estuviera instalado en el las p\u00e1ginas de KOHL LIGHTING.<\/p>\n<p>EXCLUSI\u00d3N DE GARANT\u00cdAS Y RESPONSABILIDAD: KOHL LIGHTING no se hace responsable, en ning\u00fan caso, de los da\u00f1os y perjuicios de cualquier naturaleza que pudieran ocasionar, a t\u00edtulo enunciativo: errores u omisiones en los contenidos, falta de disponibilidad del portal o la transmisi\u00f3n de virus o programas maliciosos o lesivos en los contenidos, a pesar de haber adoptado todas las medidas tecnol\u00f3gicas necesarias para evitarlo.<\/p>\n<p>MODIFICACIONES: KOHL LIGHTING se reserva el derecho de efectuar sin previo aviso las modificaciones que considere oportunas en su Site, pudiendo cambiar, suprimir o a\u00f1adir tanto los contenidos y servicios que se presten a trav\u00e9s de la misma como la forma en la que \u00e9stos aparezcan presentados o localizados en su Site.<\/p>\n<p>EMPLEO DE COOKIES: KOHL LIGHTING podr\u00e1 utilizar cookies para personalizar y facilitar al m\u00e1ximo la navegaci\u00f3n del USUARIO por su Site. Las cookies se asocian \u00fanicamente a un USUARIO an\u00f3nimo y su ordenador y no proporcionan referencias que permitan deducir datos personales del USUARIO. El USUARIO podr\u00e1 configurar su navegador para que notifique y rechace la instalaci\u00f3n de las cookies enviadas por KOHL LIGHTING, sin que ello perjudique la posibilidad del USUARIO de acceder a los Contenidos.<\/p>\n<p>ENLACES: En el caso de que en el Site se dispusiesen enlaces o hiperv\u00ednculos hac\u00eda otros sitios de Internet, KOHL LIGHTING no ejercer\u00e1 ning\u00fan tipo de control sobre dichos sitios y contenidos. En ning\u00fan caso KOHL LIGHTING asumir\u00e1 responsabilidad alguna por los contenidos de alg\u00fan enlace perteneciente a un sitio web ajeno, ni garantizar\u00e1 la disponibilidad t\u00e9cnica, calidad, fiabilidad, exactitud, amplitud, veracidad, validez y constitucionalidad de cualquier material o informaci\u00f3n contenida en ninguno de dichos hiperv\u00ednculos u otros sitios de Internet. Igualmente la inclusi\u00f3n de estas conexiones externas no implicar\u00e1 ning\u00fan tipo de asociaci\u00f3n, fusi\u00f3n o participaci\u00f3n con las entidades conectadas.<\/p>\n<p>DERECHO DE EXCLUSI\u00d3N: KOHL LIGHTING se reserva el derecho a denegar o retirar el acceso a su Site y\/o los servicios ofrecidos sin necesidad de preaviso, a instancia propia o de un tercero, a aquellos usuarios que incumplan las presentes Condiciones Generales de Uso.<\/p>\n<p>GENERALIDADES: KOHL LIGHTING perseguir\u00e1 el incumplimiento de las presentes condiciones as\u00ed como cualquier utilizaci\u00f3n indebida de su Site ejerciendo todas las acciones civiles y penales que le puedan corresponder en derecho.<\/p>\n<p>MODIFICACI\u00d3N DE LAS PRESENTES CONDICIONES Y DURACI\u00d3N: KOHL LIGHTING podr\u00e1 modificar en cualquier momento las condiciones aqu\u00ed determinadas, siendo debidamente publicadas como aqu\u00ed aparecen. La vigencia de las citadas condiciones ir\u00e1 en funci\u00f3n de su exposici\u00f3n y estar\u00e1n vigentes hasta que sean modificadas por otras debidamente publicadas.<br \/>\nLos usuarios del presente Sitio web podr\u00e1n establecer una comunicaci\u00f3n directa y efectiva con KOHL LIGHTING S.L. mediante comunicaci\u00f3n escrita remitida al domicilio indicado anteriormente, as\u00ed como utilizando la siguiente direcci\u00f3n de correo electr\u00f3nico rgpd@kohl-lighting.com No se admitir\u00e1 la recepci\u00f3n de datos personales que nada tengan que ver con la actividad desarrollada por KOHL LIGHTING S.L. Le comunicamos que si su petici\u00f3n no re\u00fane estos requisitos se proceder\u00e1 a su destrucci\u00f3n autom\u00e1ticamente. El env\u00edo de correos electr\u00f3nicos a esta direcci\u00f3n supondr\u00e1 que el afectado ha aceptado que sus datos ser\u00e1n tratados con la finalidad de la actividad desarrollada por KOHL LIGHTING S.L. A tal efecto, le informamos que puede ejercitar sus derechos de acceso, rectificaci\u00f3n, cancelaci\u00f3n y\/u oposici\u00f3n mediante carta, incluyendo una copia de su DNI u otro documento identificativo equivalente, dirigida a BPM ILUMINACI\u00d3N S.L., (Ref. Protecci\u00f3n de datos), rgpd@kohl-lighting.com<\/p>\n<p><img decoding=\"async\" src=\"https:\/\/www.bpmlighting.com\/descargas\/images\/logo-conselleria-0.png\"><\/p>\n<p>KOHL LIGHTING S.L. ha conseguido el apoyo financiero de la Generalitat Valenciana &#8211; Conselleria d&#8217;Economia Sostenible, Sectors Productius, Comer\u00e7 i Treball, a trav\u00e9s del Proyecto de apoyo a la Promoci\u00f3n Exterior de la Comunitat Valenciana para el ejercicio 2021, mediante una subvenci\u00f3n de 25.000\u20ac.<\/p>\n<p>\u00a9KOHL LIGHTING, S.L. Partida Madrigueres Sud 63A Naves 1-4\u2013 03700 D\u00e9nia (Alicante).[\/et_pb_text][\/et_pb_column][\/et_pb_row][\/et_pb_section]<\/p>\n","protected":false},"excerpt":{"rendered":"<p>DATOS IDENTIFICATIVOS: En cumplimiento con el deber de informaci\u00f3n recogido en art\u00edculo 10 de la Ley 34\/2002, de 11 de julio, de Servicios de la Sociedad de la Informaci\u00f3n y de Comercio Electr\u00f3nico, a continuaci\u00f3n se reflejan los siguientes datos: La empresa titular es KOHL LIGHTING, S.L., con domicilio en Partida Madrigueres Sud,63A Naves 1-4 [&hellip;]<\/p>\n","protected":false},"author":5,"featured_media":0,"parent":0,"menu_order":0,"comment_status":"closed","ping_status":"closed","template":"","meta":{"_et_pb_use_builder":"on","_et_pb_old_content":"","_et_gb_content_width":"","footnotes":""},"class_list":["post-3238","page","type-page","status-publish","hentry"],"_links":{"self":[{"href":"https:\/\/kohl-lighting.com\/en\/wp-json\/wp\/v2\/pages\/3238","targetHints":{"allow":["GET"]}}],"collection":[{"href":"https:\/\/kohl-lighting.com\/en\/wp-json\/wp\/v2\/pages"}],"about":[{"href":"https:\/\/kohl-lighting.com\/en\/wp-json\/wp\/v2\/types\/page"}],"author":[{"embeddable":true,"href":"https:\/\/kohl-lighting.com\/en\/wp-json\/wp\/v2\/users\/5"}],"replies":[{"embeddable":true,"href":"https:\/\/kohl-lighting.com\/en\/wp-json\/wp\/v2\/comments?post=3238"}],"version-history":[{"count":0,"href":"https:\/\/kohl-lighting.com\/en\/wp-json\/wp\/v2\/pages\/3238\/revisions"}],"wp:attachment":[{"href":"https:\/\/kohl-lighting.com\/en\/wp-json\/wp\/v2\/media?parent=3238"}],"curies":[{"name":"wp","href":"https:\/\/api.w.org\/{rel}","templated":true}]}}